{"id":344,"date":"2025-04-28T15:08:50","date_gmt":"2025-04-28T18:08:50","guid":{"rendered":"https:\/\/momento.ind.br\/?page_id=344"},"modified":"2025-04-29T15:48:57","modified_gmt":"2025-04-29T18:48:57","slug":"empresa","status":"publish","type":"page","link":"https:\/\/momento.ind.br\/?page_id=344","title":{"rendered":"Empresa"},"content":{"rendered":"\n<div class=\"wp-block-essential-blocks-wrapper alignfull  root-eb-wrapper-lf3e0vj\"><div class=\"eb-parent-wrapper eb-parent-eb-wrapper-lf3e0vj \"><div class=\"eb-wrapper-outer eb-wrapper-lf3e0vj\"><div class=\"eb-wrapper-inner\"><div class=\"eb-wrapper-inner-blocks eb-wrapper-align-center\">\n<div class=\"wp-block-essential-blocks-infobox  root-eb-infobox-fnwxp53\"><div class=\"eb-parent-wrapper eb-parent-eb-infobox-fnwxp53 eb_animation eb___animated eb___fadeIn\"><div class=\"eb-infobox-fnwxp53 eb-infobox-wrapper\"><div class=\"infobox-wrapper-inner\"><div class=\"icon-img-wrapper\"><div class=\"eb-infobox-image-wrapper\"><img decoding=\"async\" class=\"eb-infobox-image\" src=\"http:\/\/momento.ind.br\/wp-content\/uploads\/2024\/10\/9c0f39bb-697c-4f2c-a57b-e1110d1f305a.jpeg\" alt=\"\"\/><\/div><\/div><div class=\"contents-wrapper\"><h1 class=\"title\">Quem Somos<\/h1><p class=\"description\">A <strong>Momento Pr\u00e9-Moldados de Concreto<\/strong> nasceu em 2009 com o compromisso de oferecer solu\u00e7\u00f5es eficientes, seguras e de qualidade para o setor da constru\u00e7\u00e3o civil. Desde o in\u00edcio, a empresa dedicou-se \u00e0 produ\u00e7\u00e3o de pe\u00e7as pr\u00e9-moldadas de concreto, atendendo obras de pequeno, m\u00e9dio e grande porte com agilidade e confiabilidade.<\/p><\/div><\/div><\/div><\/div><\/div>\n\n\n\n<div class=\"wp-block-essential-blocks-shape-divider  root-eb-shape-divider-4f05i\"><div class=\"eb-parent-wrapper eb-parent-eb-shape-divider-4f05i \"><div class=\"eb-shape-divider-wrapper eb-shape-divider-4f05i\"><div class=\"eb-shape-divider eb-shape-divider-top\" data-shape=\"style_1\" data-negative=\"false\"><svg xmlns=\"http:\/\/www.w3.org\/2000\/svg\" fill=\"none\" viewBox=\"0 0 1000 100\" preserveAspectRatio=\"none\"><g clip-path=\"url(#eb-shape-divider-ocean-wave)\"><path class=\"eb-shape-divider-fill\" fill=\"#715AFF\" d=\"M0 97.79S101.82-.97 283.17 5.23c203.09 0 290.46 94.4 716.83 94.4V0H0v97.79Z\"><\/path><\/g><defs><clipPath id=\"eb-shape-divider-ocean-wave\"><path fill=\"#fff\" class=\"eb-shape-divider-fill\" d=\"M0 0h1000v99.62H0z\"><\/path><\/clipPath><\/defs><\/svg><\/div><\/div><\/div><\/div>\n\n\n\n<div style=\"height:100px\" aria-hidden=\"true\" class=\"wp-block-spacer\"><\/div>\n\n\n\n<div class=\"wp-block-essential-blocks-infobox  root-eb-infobox-qdmc3wv\"><a href=\"#\" target=\"_self\" rel=\"noopener noreferrer\" class=\"info-click-link info-wrap-link\"><div class=\"eb-parent-wrapper eb-parent-eb-infobox-qdmc3wv eb_animation eb___animated eb___fadeInUp\"><div class=\"eb-infobox-qdmc3wv eb-infobox-wrapper\"><div class=\"infobox-wrapper-inner\"><div class=\"icon-img-wrapper\"><div class=\"eb-infobox-image-wrapper\"><img decoding=\"async\" class=\"eb-infobox-image\" src=\"http:\/\/momento.ind.br\/wp-content\/uploads\/2024\/10\/8f50052a-3b0f-4d25-8e79-b88972e3e534.jpeg\" alt=\"\"\/><\/div><\/div><div class=\"contents-wrapper\"><h2 class=\"title\">Nossa Hist\u00f3ria<\/h2><p class=\"description\">Fundada em 2009 com esp\u00edrito empreendedor e foco em qualidade, a Momento iniciou com tubos e blocos. Em 5 anos, consolidou-se regionalmente com atendimento \u00e1gil e padr\u00e3o ABNT. Desde 2015, investe em maquin\u00e1rio, equipe e log\u00edstica. Hoje, \u00e9 refer\u00eancia em efici\u00eancia e seguran\u00e7a.<\/p><\/div><\/div><\/div><\/div><\/a><\/div>\n\n\n\n<div class=\"wp-block-essential-blocks-shape-divider  root-eb-shape-divider-23jsk\"><div class=\"eb-parent-wrapper eb-parent-eb-shape-divider-23jsk \"><div class=\"eb-shape-divider-wrapper eb-shape-divider-23jsk\"><div class=\"eb-shape-divider eb-shape-divider-bottom\" data-shape=\"style_1\" data-negative=\"false\"><svg xmlns=\"http:\/\/www.w3.org\/2000\/svg\" fill=\"none\" viewBox=\"0 0 1000 100\" preserveAspectRatio=\"none\"><g clip-path=\"url(#eb-shape-divider-ocean-wave)\"><path class=\"eb-shape-divider-fill\" fill=\"#715AFF\" d=\"M0 97.79S101.82-.97 283.17 5.23c203.09 0 290.46 94.4 716.83 94.4V0H0v97.79Z\"><\/path><\/g><defs><clipPath id=\"eb-shape-divider-ocean-wave\"><path fill=\"#fff\" class=\"eb-shape-divider-fill\" d=\"M0 0h1000v99.62H0z\"><\/path><\/clipPath><\/defs><\/svg><\/div><\/div><\/div><\/div>\n\n\n\n<div class=\"wp-block-essential-blocks-infobox  root-eb-infobox-vetk8lj\"><a href=\"#\" target=\"_self\" rel=\"noopener noreferrer\" class=\"info-click-link info-wrap-link\"><div class=\"eb-parent-wrapper eb-parent-eb-infobox-vetk8lj eb_animation eb___animated eb___fadeInUp\"><div class=\"eb-infobox-vetk8lj eb-infobox-wrapper\"><div class=\"infobox-wrapper-inner\"><div class=\"icon-img-wrapper\"><div class=\"eb-infobox-image-wrapper\"><img decoding=\"async\" class=\"eb-infobox-image\" src=\"http:\/\/momento.ind.br\/wp-content\/uploads\/2024\/10\/27f35267-119e-4424-bc62-8a00939f9f77.jpeg\" alt=\"\"\/><\/div><\/div><div class=\"contents-wrapper\"><h2 class=\"title\">Miss\u00e3o<\/h2><p class=\"description\">Fornecer solu\u00e7\u00f5es em pr\u00e9-moldados de concreto que garantam <strong>seguran\u00e7a, efici\u00eancia e durabilidade<\/strong> para obras de todos os portes, contribuindo para o desenvolvimento da infraestrutura urbana com <strong>responsabilidade t\u00e9cnica e compromisso com prazos<\/strong>.<\/p><\/div><\/div><\/div><\/div><\/a><\/div>\n<\/div><\/div><\/div><\/div><\/div>\n","protected":false},"excerpt":{"rendered":"","protected":false},"author":1,"featured_media":0,"parent":0,"menu_order":0,"comment_status":"closed","ping_status":"closed","template":"wp-custom-template-empresa","meta":{"_eb_attr":"","footnotes":""},"class_list":["post-344","page","type-page","status-publish","hentry"],"_links":{"self":[{"href":"https:\/\/momento.ind.br\/index.php?rest_route=\/wp\/v2\/pages\/344","targetHints":{"allow":["GET"]}}],"collection":[{"href":"https:\/\/momento.ind.br\/index.php?rest_route=\/wp\/v2\/pages"}],"about":[{"href":"https:\/\/momento.ind.br\/index.php?rest_route=\/wp\/v2\/types\/page"}],"author":[{"embeddable":true,"href":"https:\/\/momento.ind.br\/index.php?rest_route=\/wp\/v2\/users\/1"}],"replies":[{"embeddable":true,"href":"https:\/\/momento.ind.br\/index.php?rest_route=%2Fwp%2Fv2%2Fcomments&post=344"}],"version-history":[{"count":4,"href":"https:\/\/momento.ind.br\/index.php?rest_route=\/wp\/v2\/pages\/344\/revisions"}],"predecessor-version":[{"id":419,"href":"https:\/\/momento.ind.br\/index.php?rest_route=\/wp\/v2\/pages\/344\/revisions\/419"}],"wp:attachment":[{"href":"https:\/\/momento.ind.br\/index.php?rest_route=%2Fwp%2Fv2%2Fmedia&parent=344"}],"curies":[{"name":"wp","href":"https:\/\/api.w.org\/{rel}","templated":true}]}}