{"id":350,"date":"2025-04-29T15:45:18","date_gmt":"2025-04-29T18:45:18","guid":{"rendered":"https:\/\/momento.ind.br\/?page_id=350"},"modified":"2025-04-29T15:45:18","modified_gmt":"2025-04-29T18:45:18","slug":"blocos-de-alvenaria","status":"publish","type":"page","link":"https:\/\/momento.ind.br\/?page_id=350","title":{"rendered":"Blocos de Alvenaria"},"content":{"rendered":"\n<div style=\"height:100px\" aria-hidden=\"true\" class=\"wp-block-spacer\"><\/div>\n\n\n\n<div class=\"wp-block-essential-blocks-advanced-heading  root-eb-advance-heading-ibcyt\"><div class=\"eb-parent-wrapper eb-parent-eb-advance-heading-ibcyt \"><div class=\"eb-advance-heading-wrapper eb-advance-heading-ibcyt preset-1 undefined\" data-id=\"eb-advance-heading-ibcyt\"><h2 class=\"eb-ah-title\"><span class=\"first-title\">Blocos de Concreto para Alvenaria<\/span><\/h2><p class=\"eb-ah-subtitle\">Solu\u00e7\u00f5es resistentes, econ\u00f4micas e normatizadas para sua obra.<\/p><div class=\"eb-ah-separator line\"><\/div><\/div><\/div><\/div>\n\n\n\n<div style=\"height:100px\" aria-hidden=\"true\" class=\"wp-block-spacer\"><\/div>\n\n\n\n<div class=\"wp-block-essential-blocks-wrapper alignfull  root-eb-wrapper-zvxn78a\"><div class=\"eb-parent-wrapper eb-parent-eb-wrapper-zvxn78a \"><div class=\"eb-wrapper-outer eb-wrapper-zvxn78a\"><div class=\"eb-wrapper-inner\"><div class=\"eb-wrapper-inner-blocks eb-wrapper-align-center\">\n<div class=\"wp-block-essential-blocks-row alignfull  root-eb-row-z63ezlv\"><div class=\"eb-parent-wrapper eb-parent-eb-row-z63ezlv \"><div class=\"eb-row-root-container eb-row-z63ezlv\" data-id=\"eb-row-z63ezlv\"><div class=\"eb-row-wrapper\"><div class=\"eb-row-inner\">\n<div class=\"wp-block-essential-blocks-column  root-eb-column-eqbg4kg\"><div class=\"eb-parent-wrapper eb-parent-eb-column-eqbg4kg \"><div class=\"eb-column-wrapper eb-column-eqbg4kg\"><div class=\"eb-column-inner\">\n<div class=\"wp-block-essential-blocks-advanced-image  root-eb-advanced-image-47i9b5w\"><div class=\"eb-parent-wrapper eb-parent-eb-advanced-image-47i9b5w eb_animation eb___animated eb___fadeInLeft\"><figure class=\"eb-advanced-image-wrapper eb-advanced-image-47i9b5w img-style-rounded caption-style-1 caption-horizontal-center caption-vertical-bottom bottom zoom-in\" data-id=\"eb-advanced-image-47i9b5w\"><div class=\"image-wrapper\"><img decoding=\"async\" src=\"https:\/\/momento.ind.br\/wp-content\/uploads\/2024\/10\/6ea8e924-0262-4561-8b68-8f2bc0a3cdef.jpeg\" alt=\"\"\/><\/div><\/figure><\/div><\/div>\n<\/div><\/div><\/div><\/div>\n\n\n\n<div class=\"wp-block-essential-blocks-column  root-eb-column-9kwzjib\"><div class=\"eb-parent-wrapper eb-parent-eb-column-9kwzjib eb_animation eb___animated eb___fadeInRight\"><div class=\"eb-column-wrapper eb-column-9kwzjib\"><div class=\"eb-column-inner\">\n<div class=\"wp-block-essential-blocks-advanced-heading  root-eb-advance-heading-5y0xi9l\"><div class=\"eb-parent-wrapper eb-parent-eb-advance-heading-5y0xi9l \"><div class=\"eb-advance-heading-wrapper eb-advance-heading-5y0xi9l button-1 undefined\" data-id=\"eb-advance-heading-5y0xi9l\"><h2 class=\"eb-ah-title\"><span class=\"first-title\">Bloco Estrutural<\/span><\/h2><p class=\"eb-ah-subtitle\">Dimens\u00f5es: 14 cm (L) x 19 cm (A) x 39 cm (C)<br>Peso m\u00e9dio: ~14 kg<br>Resist\u00eancia: \u2265 4,0 MPa (segundo NBR 6136)<br>Aplica\u00e7\u00f5es: paredes estruturais, veda\u00e7\u00e3o<\/p><\/div><\/div><\/div>\n\n\n\n<div class=\"wp-block-essential-blocks-button  root-eb-button-lsi9dpa\"><div class=\"eb-parent-wrapper eb-parent-eb-button-lsi9dpa \"><div class=\"eb-button-wrapper eb-button-alignment eb-button-lsi9dpa\"><div class=\"eb-button\"><div class=\"eb-button-inner-wrapper \"><a class=\"eb-button-anchor \" href=\"\" rel=\"noopener\">Solicitar Or\u00e7amento<\/a><\/div><\/div><\/div><\/div><\/div>\n<\/div><\/div><\/div><\/div>\n<\/div><\/div><\/div><\/div><\/div>\n\n\n\n<div class=\"wp-block-essential-blocks-row alignfull  root-eb-row-jyfyvo2\"><div class=\"eb-parent-wrapper eb-parent-eb-row-jyfyvo2 \"><div class=\"eb-row-root-container eb-row-jyfyvo2\" data-id=\"eb-row-jyfyvo2\"><div class=\"eb-row-wrapper\"><div class=\"eb-row-inner\">\n<div class=\"wp-block-essential-blocks-column  root-eb-column-5and6f6\"><div class=\"eb-parent-wrapper eb-parent-eb-column-5and6f6 eb_animation eb___animated eb___fadeInLeft\"><div class=\"eb-column-wrapper eb-column-5and6f6\"><div class=\"eb-column-inner\">\n<div class=\"wp-block-essential-blocks-advanced-heading  root-eb-advance-heading-i6rv0sm\"><div class=\"eb-parent-wrapper eb-parent-eb-advance-heading-i6rv0sm \"><div class=\"eb-advance-heading-wrapper eb-advance-heading-i6rv0sm button-1 undefined\" data-id=\"eb-advance-heading-i6rv0sm\"><h2 class=\"eb-ah-title\"><span class=\"first-title\">Meio Bloco Estrutural<\/span><\/h2><p class=\"eb-ah-subtitle\">Dimens\u00f5es: 14 cm (L) x 19 cm (A) x 39 cm (C)<br>Usado para fechamento e ajustes modulares<br>Compat\u00edvel com a mesma resist\u00eancia e altura dos blocos principais<\/p><\/div><\/div><\/div>\n\n\n\n<div class=\"wp-block-essential-blocks-button  root-eb-button-59h33zh\"><div class=\"eb-parent-wrapper eb-parent-eb-button-59h33zh \"><div class=\"eb-button-wrapper eb-button-alignment eb-button-59h33zh\"><div class=\"eb-button\"><div class=\"eb-button-inner-wrapper \"><a class=\"eb-button-anchor \" href=\"\" rel=\"noopener\">Solicitar Or\u00e7amento<\/a><\/div><\/div><\/div><\/div><\/div>\n<\/div><\/div><\/div><\/div>\n\n\n\n<div class=\"wp-block-essential-blocks-column  root-eb-column-e4ahbzb\"><div class=\"eb-parent-wrapper eb-parent-eb-column-e4ahbzb \"><div class=\"eb-column-wrapper eb-column-e4ahbzb\"><div class=\"eb-column-inner\">\n<div class=\"wp-block-essential-blocks-advanced-image  root-eb-advanced-image-hvatoqj\"><div class=\"eb-parent-wrapper eb-parent-eb-advanced-image-hvatoqj eb_animation eb___animated eb___fadeInRight\"><figure class=\"eb-advanced-image-wrapper eb-advanced-image-hvatoqj img-style-rounded caption-style-1 caption-horizontal-center caption-vertical-bottom bottom no-effect\" data-id=\"eb-advanced-image-hvatoqj\"><div class=\"image-wrapper\"><img decoding=\"async\" src=\"http:\/\/momento.ind.br\/wp-content\/uploads\/2024\/10\/5d4544a6-178a-4779-a161-8af057ba398c-scaled.jpeg\" alt=\"\"\/><\/div><\/figure><\/div><\/div>\n<\/div><\/div><\/div><\/div>\n<\/div><\/div><\/div><\/div><\/div>\n\n\n\n<div class=\"wp-block-essential-blocks-row alignfull  root-eb-row-jw3kd\"><div class=\"eb-parent-wrapper eb-parent-eb-row-jw3kd \"><div class=\"eb-row-root-container eb-row-jw3kd\" data-id=\"eb-row-jw3kd\"><div class=\"eb-row-wrapper\"><div class=\"eb-row-inner\">\n<div class=\"wp-block-essential-blocks-column  root-eb-column-4e29z\"><div class=\"eb-parent-wrapper eb-parent-eb-column-4e29z \"><div class=\"eb-column-wrapper eb-column-4e29z\"><div class=\"eb-column-inner\">\n<div class=\"wp-block-essential-blocks-advanced-image  root-eb-advanced-image-b0944\"><div class=\"eb-parent-wrapper eb-parent-eb-advanced-image-b0944 eb_animation eb___animated eb___fadeInLeft\"><figure class=\"eb-advanced-image-wrapper eb-advanced-image-b0944 img-style-rounded caption-style-1 caption-horizontal-center caption-vertical-bottom bottom zoom-in\" data-id=\"eb-advanced-image-b0944\"><div class=\"image-wrapper\"><img decoding=\"async\" src=\"https:\/\/momento.ind.br\/wp-content\/uploads\/2024\/10\/6ea8e924-0262-4561-8b68-8f2bc0a3cdef.jpeg\" alt=\"\"\/><\/div><\/figure><\/div><\/div>\n<\/div><\/div><\/div><\/div>\n\n\n\n<div class=\"wp-block-essential-blocks-column  root-eb-column-67pm0\"><div class=\"eb-parent-wrapper eb-parent-eb-column-67pm0 eb_animation eb___animated eb___fadeInRight\"><div class=\"eb-column-wrapper eb-column-67pm0\"><div class=\"eb-column-inner\">\n<div class=\"wp-block-essential-blocks-advanced-heading  root-eb-advance-heading-o866o\"><div class=\"eb-parent-wrapper eb-parent-eb-advance-heading-o866o \"><div class=\"eb-advance-heading-wrapper eb-advance-heading-o866o button-1 undefined\" data-id=\"eb-advance-heading-o866o\"><h2 class=\"eb-ah-title\"><span class=\"first-title\">Bloco Canaleta <\/span><\/h2><p class=\"eb-ah-subtitle\">Dimens\u00f5es: 14 cm (L) x 19 cm (A) x 39 cm (C)<br>Usado para cintas de amarra\u00e7\u00e3o e vergas<br>Permite passagem de arma\u00e7\u00f5es horizontais<\/p><\/div><\/div><\/div>\n\n\n\n<div class=\"wp-block-essential-blocks-button  root-eb-button-iyjcx\"><div class=\"eb-parent-wrapper eb-parent-eb-button-iyjcx \"><div class=\"eb-button-wrapper eb-button-alignment eb-button-iyjcx\"><div class=\"eb-button\"><div class=\"eb-button-inner-wrapper \"><a class=\"eb-button-anchor \" href=\"\" rel=\"noopener\">Solicitar Or\u00e7amento<\/a><\/div><\/div><\/div><\/div><\/div>\n<\/div><\/div><\/div><\/div>\n<\/div><\/div><\/div><\/div><\/div>\n<\/div><\/div><\/div><\/div><\/div>\n\n\n\n<div class=\"wp-block-essential-blocks-wrapper alignfull  root-eb-wrapper-r43to3l\"><div class=\"eb-parent-wrapper eb-parent-eb-wrapper-r43to3l \"><div class=\"eb-wrapper-outer eb-wrapper-r43to3l\"><div class=\"eb-wrapper-inner\"><div class=\"eb-wrapper-inner-blocks eb-wrapper-align-center\">\n<div class=\"wp-block-essential-blocks-row alignfull  root-eb-row-a8xq5xa\"><div class=\"eb-parent-wrapper eb-parent-eb-row-a8xq5xa \"><div class=\"eb-row-root-container eb-row-a8xq5xa\" data-id=\"eb-row-a8xq5xa\"><div class=\"eb-row-wrapper\"><div class=\"eb-row-inner\">\n<div class=\"wp-block-essential-blocks-column  root-eb-column-lhlp3tx\"><div class=\"eb-parent-wrapper eb-parent-eb-column-lhlp3tx eb_animation eb___animated eb___fadeInLeft\"><div class=\"eb-column-wrapper eb-column-lhlp3tx\"><div class=\"eb-column-inner\">\n<div class=\"wp-block-essential-blocks-number-counter  root-eb-counter-mob3e80\"><div class=\"eb-parent-wrapper eb-parent-eb-counter-mob3e80 \"><div class=\"eb-counter-mob3e80 eb-counter-wrapper\"><div class=\"counter-contents-wrapper\"><h4 class=\"eb-counter-number\"><span class=\"eb-counter-prefix\"><\/span><span class=\"eb-counter eb-counter-number\" data-duration=\"1000\" data-startvalue=\"0\" data-target=\"80\" data-separator=\",\" data-isshowseparator=\"false\">0<\/span><span class=\"eb-counter-suffix\">%<\/span><\/h4><h3 class=\"eb-counter-title\">Diminui\u00e7\u00e3o<\/h3><\/div><\/div><\/div><\/div>\n\n\n\n<div class=\"wp-block-essential-blocks-advanced-heading  root-eb-advance-heading-pl6slcx\"><div class=\"eb-parent-wrapper eb-parent-eb-advance-heading-pl6slcx \"><div class=\"eb-advance-heading-wrapper eb-advance-heading-pl6slcx button-1 undefined\" data-id=\"eb-advance-heading-pl6slcx\"><h2 class=\"eb-ah-title\"><span class=\"first-title\"> nas perdas de argamassa<\/span><\/h2><\/div><\/div><\/div>\n<\/div><\/div><\/div><\/div>\n\n\n\n<div class=\"wp-block-essential-blocks-column  root-eb-column-v3x4f6l\"><div class=\"eb-parent-wrapper eb-parent-eb-column-v3x4f6l eb_animation eb___animated eb___fadeInLeft\"><div class=\"eb-column-wrapper eb-column-v3x4f6l\"><div class=\"eb-column-inner\">\n<div class=\"wp-block-essential-blocks-number-counter  root-eb-counter-ghmx7de\"><div class=\"eb-parent-wrapper eb-parent-eb-counter-ghmx7de \"><div class=\"eb-counter-ghmx7de eb-counter-wrapper\"><div class=\"counter-contents-wrapper\"><h4 class=\"eb-counter-number\"><span class=\"eb-counter-prefix\"><\/span><span class=\"eb-counter eb-counter-number\" data-duration=\"1000\" data-startvalue=\"0\" data-target=\"30\" data-separator=\",\" data-isshowseparator=\"false\">0<\/span><span class=\"eb-counter-suffix\">%<\/span><\/h4><h3 class=\"eb-counter-title\">Economia<\/h3><\/div><\/div><\/div><\/div>\n\n\n\n<div class=\"wp-block-essential-blocks-advanced-heading  root-eb-advance-heading-o6jsrge\"><div class=\"eb-parent-wrapper eb-parent-eb-advance-heading-o6jsrge \"><div class=\"eb-advance-heading-wrapper eb-advance-heading-o6jsrge button-1 undefined\" data-id=\"eb-advance-heading-o6jsrge\"><h2 class=\"eb-ah-title\"><span class=\"first-title\">No custo total da obra<\/span><\/h2><\/div><\/div><\/div>\n<\/div><\/div><\/div><\/div>\n\n\n\n<div class=\"wp-block-essential-blocks-column  root-eb-column-v8zuxy1\"><div class=\"eb-parent-wrapper eb-parent-eb-column-v8zuxy1 eb_animation eb___animated eb___fadeInLeft\"><div class=\"eb-column-wrapper eb-column-v8zuxy1\"><div class=\"eb-column-inner\">\n<div class=\"wp-block-essential-blocks-number-counter  root-eb-counter-nqbrd7o\"><div class=\"eb-parent-wrapper eb-parent-eb-counter-nqbrd7o \"><div class=\"eb-counter-nqbrd7o eb-counter-wrapper\"><div class=\"counter-contents-wrapper\"><h4 class=\"eb-counter-number\"><span class=\"eb-counter-prefix\"><\/span><span class=\"eb-counter eb-counter-number\" data-duration=\"1000\" data-startvalue=\"0\" data-target=\"50\" data-separator=\",\" data-isshowseparator=\"false\">0<\/span><span class=\"eb-counter-suffix\">%<\/span><\/h4><h3 class=\"eb-counter-title\">Agilidade<\/h3><\/div><\/div><\/div><\/div>\n\n\n\n<div class=\"wp-block-essential-blocks-advanced-heading  root-eb-advance-heading-y985y44\"><div class=\"eb-parent-wrapper eb-parent-eb-advance-heading-y985y44 \"><div class=\"eb-advance-heading-wrapper eb-advance-heading-y985y44 button-1 undefined\" data-id=\"eb-advance-heading-y985y44\"><h2 class=\"eb-ah-title\"><span class=\"first-title\">no tempo de execu\u00e7\u00e3o da alvenaria<\/span><\/h2><\/div><\/div><\/div>\n<\/div><\/div><\/div><\/div>\n<\/div><\/div><\/div><\/div><\/div>\n<\/div><\/div><\/div><\/div><\/div>\n\n\n\n<div class=\"wp-block-essential-blocks-wrapper alignfull  root-eb-wrapper-5pnc3vb\"><div class=\"eb-parent-wrapper eb-parent-eb-wrapper-5pnc3vb \"><div class=\"eb-wrapper-outer eb-wrapper-5pnc3vb\"><div class=\"eb-wrapper-inner\"><div class=\"eb-wrapper-inner-blocks eb-wrapper-align-center\">\n<div class=\"wp-block-essential-blocks-advanced-heading  root-eb-advance-heading-57rip5r\"><div class=\"eb-parent-wrapper eb-parent-eb-advance-heading-57rip5r \"><div class=\"eb-advance-heading-wrapper eb-advance-heading-57rip5r button-1 undefined\" data-id=\"eb-advance-heading-57rip5r\"><h1 class=\"eb-ah-title\"><span class=\"first-title\"><strong>Vantagens<\/strong><\/span><\/h1><h1 class=\"eb-ah-subtitle\"><strong>da Alvenaria com<\/strong><\/h1><\/div><\/div><\/div>\n\n\n\n<div class=\"wp-block-essential-blocks-advanced-heading  root-eb-advance-heading-gjx2xa1\"><div class=\"eb-parent-wrapper eb-parent-eb-advance-heading-gjx2xa1 \"><div class=\"eb-advance-heading-wrapper eb-advance-heading-gjx2xa1 button-1 undefined\" data-id=\"eb-advance-heading-gjx2xa1\"><h1 class=\"eb-ah-title\"><span class=\"first-title\"><strong>Blocos de Concreto<\/strong><\/span><\/h1><\/div><\/div><\/div>\n\n\n\n<div class=\"wp-block-essential-blocks-row alignfull  root-eb-row-o8ne0ys\"><div class=\"eb-parent-wrapper eb-parent-eb-row-o8ne0ys \"><div class=\"eb-row-root-container eb-row-o8ne0ys\" data-id=\"eb-row-o8ne0ys\"><div class=\"eb-row-wrapper\"><div class=\"eb-row-inner\">\n<div class=\"wp-block-essential-blocks-column  root-eb-column-6ayffg4\"><div class=\"eb-parent-wrapper eb-parent-eb-column-6ayffg4 \"><div class=\"eb-column-wrapper eb-column-6ayffg4\"><div class=\"eb-column-inner\">\n<div class=\"wp-block-essential-blocks-advanced-image  root-eb-advanced-image-2p0eqoe\"><div class=\"eb-parent-wrapper eb-parent-eb-advanced-image-2p0eqoe \"><figure class=\"eb-advanced-image-wrapper eb-advanced-image-2p0eqoe img-style-square caption-style-1 caption-horizontal-center caption-vertical-bottom bottom no-effect\" data-id=\"eb-advanced-image-2p0eqoe\"><div class=\"image-wrapper\"><img decoding=\"async\" src=\"http:\/\/momento.ind.br\/wp-content\/uploads\/2024\/10\/535ca8cf-7613-4d79-82c9-ec7c03d14b05.jpeg\" alt=\"\"\/><\/div><\/figure><\/div><\/div>\n<\/div><\/div><\/div><\/div>\n\n\n\n<div class=\"wp-block-essential-blocks-column  root-eb-column-blrgf40\"><div class=\"eb-parent-wrapper eb-parent-eb-column-blrgf40 \"><div class=\"eb-column-wrapper eb-column-blrgf40\"><div class=\"eb-column-inner\">\n<div class=\"wp-block-essential-blocks-advanced-image  root-eb-advanced-image-os4bzws\"><div class=\"eb-parent-wrapper eb-parent-eb-advanced-image-os4bzws \"><figure class=\"eb-advanced-image-wrapper eb-advanced-image-os4bzws img-style-square caption-style-1 caption-horizontal-center caption-vertical-bottom bottom no-effect\" data-id=\"eb-advanced-image-os4bzws\"><div class=\"image-wrapper\"><img decoding=\"async\" src=\"http:\/\/momento.ind.br\/wp-content\/uploads\/2024\/10\/96a0d523-8115-4bc4-a215-3c56b2f5e24c.jpeg\" alt=\"\"\/><\/div><\/figure><\/div><\/div>\n<\/div><\/div><\/div><\/div>\n<\/div><\/div><\/div><\/div><\/div>\n<\/div><\/div><\/div><\/div><\/div>\n","protected":false},"excerpt":{"rendered":"","protected":false},"author":1,"featured_media":0,"parent":0,"menu_order":0,"comment_status":"closed","ping_status":"closed","template":"blocos-de-alvenaria","meta":{"_eb_attr":"","footnotes":""},"class_list":["post-350","page","type-page","status-publish","hentry"],"_links":{"self":[{"href":"https:\/\/momento.ind.br\/index.php?rest_route=\/wp\/v2\/pages\/350","targetHints":{"allow":["GET"]}}],"collection":[{"href":"https:\/\/momento.ind.br\/index.php?rest_route=\/wp\/v2\/pages"}],"about":[{"href":"https:\/\/momento.ind.br\/index.php?rest_route=\/wp\/v2\/types\/page"}],"author":[{"embeddable":true,"href":"https:\/\/momento.ind.br\/index.php?rest_route=\/wp\/v2\/users\/1"}],"replies":[{"embeddable":true,"href":"https:\/\/momento.ind.br\/index.php?rest_route=%2Fwp%2Fv2%2Fcomments&post=350"}],"version-history":[{"count":12,"href":"https:\/\/momento.ind.br\/index.php?rest_route=\/wp\/v2\/pages\/350\/revisions"}],"predecessor-version":[{"id":415,"href":"https:\/\/momento.ind.br\/index.php?rest_route=\/wp\/v2\/pages\/350\/revisions\/415"}],"wp:attachment":[{"href":"https:\/\/momento.ind.br\/index.php?rest_route=%2Fwp%2Fv2%2Fmedia&parent=350"}],"curies":[{"name":"wp","href":"https:\/\/api.w.org\/{rel}","templated":true}]}}